{"id":65,"date":"2012-03-10T10:33:05","date_gmt":"2012-03-10T10:33:05","guid":{"rendered":"http:\/\/filderbahnhof.net\/wordpress\/?page_id=65"},"modified":"2015-08-09T08:40:19","modified_gmt":"2015-08-09T08:40:19","slug":"infos","status":"publish","type":"page","link":"http:\/\/filderbahnhof.net\/wordpress\/infos\/","title":{"rendered":"INFOS"},"content":{"rendered":"<p>&nbsp;<\/p>\n<p><strong>Flyer<\/strong><\/p>\n<p><a href=\"http:\/\/filderbahnhof.net\/wordpress\/wp-content\/uploads\/flyer_filderbahnhof.pdf\"><img loading=\"lazy\" class=\" wp-image-630 alignnone\" src=\"http:\/\/filderbahnhof.net\/wordpress\/wp-content\/uploads\/VaihingenBahnsteigGebhardGierhardt1080-300x198.jpg\" alt=\"VaihingenBahnsteigGebhardGierhardt1080\" width=\"95\" height=\"63\" srcset=\"http:\/\/filderbahnhof.net\/wordpress\/wp-content\/uploads\/VaihingenBahnsteigGebhardGierhardt1080-300x198.jpg 300w, http:\/\/filderbahnhof.net\/wordpress\/wp-content\/uploads\/VaihingenBahnsteigGebhardGierhardt1080-1024x678.jpg 1024w, http:\/\/filderbahnhof.net\/wordpress\/wp-content\/uploads\/VaihingenBahnsteigGebhardGierhardt1080-453x300.jpg 453w, http:\/\/filderbahnhof.net\/wordpress\/wp-content\/uploads\/VaihingenBahnsteigGebhardGierhardt1080.jpg 1631w\" sizes=\"(max-width: 95px) 100vw, 95px\" \/><br \/>\nFlyer zum Filderbahhof &#8211; Unser Bahnhof: Vorschl\u00e4ge einbringen! Mitbestimmen!<\/a><\/p>\n<p><a href=\"http:\/\/filderbahnhof.net\/wordpress\/wp-content\/uploads\/FahrzeitenSonderzug20.pdf\">Fahrzeiten Vergleich<\/a><br \/>\n<img loading=\"lazy\" class=\"alignnone size-full wp-image-501\" src=\"http:\/\/filderbahnhof.net\/wordpress\/wp-content\/uploads\/sternfahrt.jpg\" alt=\"sternfahrt\" width=\"95\" height=\"86\" \/><br \/>\n<a href=\"http:\/\/filderbahnhof.net\/wordpress\/wp-content\/uploads\/Reiseplan_Stuttgarter_Stern_28_09.pdf\">Reiseplan_Stuttgarter_Stern_28_09.pdf<\/a><\/p>\n<p><a href=\"http:\/\/filderbahnhof.net\/wordpress\/wp-content\/uploads\/panaroma_icon.jpg\"><img loading=\"lazy\" class=\"alignnone size-full wp-image-457\" title=\"panaroma_icon\" src=\"http:\/\/filderbahnhof.net\/wordpress\/wp-content\/uploads\/panaroma_icon.jpg\" alt=\"\" width=\"120\" height=\"86\" \/><\/a><br \/>\n<a href=\"http:\/\/filderbahnhof.net\/wordpress\/wp-content\/uploads\/Panorama-Flyer_09.pdf\">Panorama-Flyer_09.pdf<\/a><\/p>\n<p><img loading=\"lazy\" class=\"alignnone size-full wp-image-221\" title=\"rohrer_kurve\" src=\"http:\/\/filderbahnhof.net\/wordpress\/wp-content\/uploads\/rohrer_kurve.png\" alt=\"\" width=\"120\" height=\"86\" \/><br \/>\n<a href=\"http:\/\/filderbahnhof.net\/wordpress\/wp-content\/uploads\/rohrer_kurve.pdf\">rohrer_kurve.pdf<\/a> (3. Auflage, November 2012)<\/p>\n<p><img loading=\"lazy\" class=\"alignnone size-full wp-image-403\" title=\"filderbahnhof_juli12\" src=\"http:\/\/filderbahnhof.net\/wordpress\/wp-content\/uploads\/filderbahnhof_juli12.jpg\" alt=\"\" width=\"120\" height=\"92\" \/><br \/>\n<a href=\"http:\/\/filderbahnhof.net\/wordpress\/wp-content\/uploads\/Filderbahnhof-Flyer_Monitor1.pdf\">Filderbahnhof-Flyer_(Monitor1).pdf<\/a><\/p>\n<p><a href=\"http:\/\/filderbahnhof.net\/wordpress\/wp-content\/uploads\/Filderbahnhof-Flyer_2012Drucken.pdf\">Filderbahnhof-Flyer_2012(Drucken).pdf<\/a><\/p>\n<p><img loading=\"lazy\" class=\"alignnone size-full wp-image-142\" title=\"filderbahnhof_flyer\" src=\"http:\/\/filderbahnhof.net\/wordpress\/wp-content\/uploads\/filderbahnhof_flyer.png\" alt=\"\" width=\"120\" height=\"86\" \/><br \/>\n<a href=\"http:\/\/filderbahnhof.net\/wordpress\/wp-content\/uploads\/filderbahnhof1.pdf\">filderbahnhof1.pdf<\/a><br \/>\n<img loading=\"lazy\" class=\"alignnone size-full wp-image-143\" title=\"fahrzeiten_flyer\" src=\"http:\/\/filderbahnhof.net\/wordpress\/wp-content\/uploads\/fahrzeiten_flyer.png\" alt=\"\" width=\"120\" height=\"86\" \/><br \/>\n<a href=\"http:\/\/filderbahnhof.net\/wordpress\/wp-content\/uploads\/fahrzeiten_filderbahnhof_vaihingen.pdf\">fahrzeiten_filderbahnhof_vaihingen.pdf<\/a><br \/>\n<img loading=\"lazy\" class=\"alignnone size-full wp-image-221\" title=\"rohrer_kurve\" src=\"http:\/\/filderbahnhof.net\/wordpress\/wp-content\/uploads\/rohrer_kurve.png\" alt=\"\" width=\"120\" height=\"86\" \/><br \/>\n<a href=\"http:\/\/filderbahnhof.net\/wordpress\/wp-content\/uploads\/S21-der-Hammer-f\u00fcr-Rohr.pdf\">S21 &#8211; der Hammer f\u00fcr Rohr.pdf<\/a><\/p>\n<p><strong>Weitere Informationen<\/strong><\/p>\n<p>Folien des Impulsvortrags von Reinhard K\u00f6nig zur Podiumsdiskussion &#8222;Regionalbahnhalt S-Vaihingen&#8220; von ISA Vaihingen e.V. und B\u00fcndnis Filderbanhnhof Vaihingen<\/p>\n<p>&nbsp;<\/p>\n<p><a href=\"http:\/\/filderbahnhof.net\/wordpress\/wp-content\/uploads\/REHalt150313VortragHP.ppt\"><img loading=\"lazy\" class=\"alignnone size-full wp-image-482\" src=\"http:\/\/filderbahnhof.net\/wordpress\/wp-content\/uploads\/diskussionsabend_icon.png\" alt=\"diskussionsabend_icon\" width=\"120\" height=\"86\" \/><br \/>\nREHalt150313VortragHP.ppt<\/a><\/p>\n<p>Folien und Ausarbeitung zur Informationsveranstaltung mit Prof. Bodack von J\u00f6rg Dittmann (VCD)<\/p>\n<p><img loading=\"lazy\" title=\"veranstaltung\" src=\"http:\/\/filderbahnhof.net\/wordpress\/wp-content\/uploads\/veranstaltung.png\" alt=\"\" width=\"120\" height=\"86\" \/><br \/>\n<a href=\"http:\/\/filderbahnhof.net\/wordpress\/wp-content\/uploads\/ausarbeitung_vortrag_filderbahnhof_jd.pdf\">ausarbeitung_vortrag_filderbahnhof_jd.pdf<\/a><br \/>\n<a href=\"http:\/\/filderbahnhof.net\/wordpress\/wp-content\/uploads\/s-vaihinen_re-halt_folien_08_a.pdf\">s-vaihinen_re-halt_folien_08_a.pdf<\/a><\/p>\n<p>Brief an B\u00fcndnispartner<br \/>\n<img loading=\"lazy\" class=\"alignnone size-full wp-image-141\" title=\"b\u00fcndnispartner_brief\" src=\"http:\/\/filderbahnhof.net\/wordpress\/wp-content\/uploads\/b\u00fcndnispartner_brief.png\" alt=\"\" width=\"120\" height=\"86\" \/><br \/>\n<a href=\"http:\/\/filderbahnhof.net\/wordpress\/wp-content\/uploads\/brief.pdf\">Brief an potenzielle Unterst\u00fctzer<\/a><\/p>\n<p>Unterschriftenliste<br \/>\n<img loading=\"lazy\" class=\"alignnone size-full wp-image-256\" title=\"unterschriften_icon\" src=\"http:\/\/filderbahnhof.net\/wordpress\/wp-content\/uploads\/unterschriften_icon.jpg\" alt=\"\" width=\"120\" height=\"85\" \/><br \/>\n<a href=\"http:\/\/filderbahnhof.net\/wordpress\/wp-content\/uploads\/filderbahnhof_unterschriften.pdf\">Liste zum Sammeln von Unterschriften f\u00fcr den Filderbahnhof Vaihingen<\/a><\/p>\n<p>S &#8211; Bahn &#8211; Ringschluss (Im Filderdialog Variante 7)<br \/>\n<a href=\"http:\/\/filderbahnhof.net\/wordpress\/wp-content\/uploads\/11-S-Bahn-Ring.doc\">11 S-Bahn-Ring.doc<\/a><\/p>\n<p><strong>Presse<\/strong><\/p>\n<p><a title=\"StZ, 07.07.2012 - B\u00fcrger f\u00fcr G\u00e4ubahn-Variante\" href=\"http:\/\/www.stuttgarter-zeitung.de\/inhalt.filderdialog-zu-stuttgart-21-buerger-fuer-gaeubahn-variante.310134ee-d0bd-4085-b430-d5df542283ad.html\" target=\"_blank\">StZ, 07.07.2012 &#8211; B\u00fcrger f\u00fcr G\u00e4ubahn-Variante<\/a><\/p>\n<p><a title=\"SWR, 07.07.2012 - Filderdialog zu S21 bevorzugt G\u00e4ubahntrasse\" href=\"http:\/\/www.swr.de\/nachrichten\/bw\/-\/id=1622\/nid=1622\/did=10003558\/yvkhw1\/index.html\" target=\"_blank\">SWR, 07.07.2012 &#8211; Filderdialog zu S21 bevorzugt G\u00e4ubahntrasse<\/a><\/p>\n<p><a title=\"BAA, 06.07.2012 - Filder-DiaL\u00dcG: Juristen zu S21 steigen aus!\" href=\"http:\/\/www.bei-abriss-aufstand.de\/2012\/07\/06\/filder-dialug-juristen-zu-s21-steigen-aus\/\" target=\"_blank\">BAA, 06.07.2012 &#8211; Filder-DiaL\u00dcG: Juristen zu S21 steigen aus!<\/a><\/p>\n<p><a title=\"StZ, 04.07.2012 - Die G\u00e4ubahntrasse bleibt der Favorit\" href=\"http:\/\/www.stuttgarter-zeitung.de\/inhalt.filderdialog-die-gaeubahntrasse-bleibt-der-favorit.875e9bbe-1a27-4514-b7dc-692507130ff7.html\" target=\"_blank\">StZ, 04.07.2012 &#8211; Die G\u00e4ubahntrasse bleibt der Favorit<\/a><\/p>\n<p><a title=\"StN, 29.06.2012 - Die Hermann-Variante liegt vorn\" href=\"http:\/\/www.stuttgarter-nachrichten.de\/inhalt.filderdialog-die-hermann-variante-liegt-vorn.65d9e86e-da80-45ba-b34d-fd4f3d09ae28.html\" target=\"_blank\">StN, 29.06.2012 &#8211; Die Hermann-Variante liegt vorn<\/a><\/p>\n","protected":false},"excerpt":{"rendered":"<p>&nbsp; Flyer Flyer zum Filderbahhof &#8211; Unser Bahnhof: Vorschl\u00e4ge einbringen! Mitbestimmen! Fahrzeiten Vergleich Reiseplan_Stuttgarter_Stern_28_09.pdf Panorama-Flyer_09.pdf rohrer_kurve.pdf (3. Auflage, November 2012) Filderbahnhof-Flyer_(Monitor1).pdf Filderbahnhof-Flyer_2012(Drucken).pdf filderbahnhof1.pdf fahrzeiten_filderbahnhof_vaihingen.pdf S21 &#8211; der Hammer f\u00fcr Rohr.pdf Weitere Informationen Folien des Impulsvortrags von Reinhard K\u00f6nig zur Podiumsdiskussion &hellip; <a href=\"http:\/\/filderbahnhof.net\/wordpress\/infos\/\">Weiterlesen <span class=\"meta-nav\">&rarr;<\/span><\/a><\/p>\n","protected":false},"author":1,"featured_media":0,"parent":0,"menu_order":30,"comment_status":"closed","ping_status":"closed","template":"","meta":[],"_links":{"self":[{"href":"http:\/\/filderbahnhof.net\/wordpress\/wp-json\/wp\/v2\/pages\/65"}],"collection":[{"href":"http:\/\/filderbahnhof.net\/wordpress\/wp-json\/wp\/v2\/pages"}],"about":[{"href":"http:\/\/filderbahnhof.net\/wordpress\/wp-json\/wp\/v2\/types\/page"}],"author":[{"embeddable":true,"href":"http:\/\/filderbahnhof.net\/wordpress\/wp-json\/wp\/v2\/users\/1"}],"replies":[{"embeddable":true,"href":"http:\/\/filderbahnhof.net\/wordpress\/wp-json\/wp\/v2\/comments?post=65"}],"version-history":[{"count":46,"href":"http:\/\/filderbahnhof.net\/wordpress\/wp-json\/wp\/v2\/pages\/65\/revisions"}],"predecessor-version":[{"id":668,"href":"http:\/\/filderbahnhof.net\/wordpress\/wp-json\/wp\/v2\/pages\/65\/revisions\/668"}],"wp:attachment":[{"href":"http:\/\/filderbahnhof.net\/wordpress\/wp-json\/wp\/v2\/media?parent=65"}],"curies":[{"name":"wp","href":"https:\/\/api.w.org\/{rel}","templated":true}]}}